{"id":11,"date":"2020-05-30T21:17:00","date_gmt":"2020-05-30T21:17:00","guid":{"rendered":"http:\/\/www.prophysica.hu\/?page_id=11"},"modified":"2025-05-22T10:23:32","modified_gmt":"2025-05-22T08:23:32","slug":"palyazat","status":"publish","type":"page","link":"https:\/\/www.prophysica.hu\/?page_id=11","title":{"rendered":"P\u00e1ly\u00e1zat (NEA-KK-20)"},"content":{"rendered":"\n<figure class=\"wp-block-gallery has-nested-images columns-default is-cropped wp-block-gallery-1 is-layout-flex wp-block-gallery-is-layout-flex\">\n<figure class=\"wp-block-image size-large\"><img loading=\"lazy\" decoding=\"async\" width=\"1024\" height=\"205\" data-id=\"14\" src=\"http:\/\/www.prophysica.hu\/wp-content\/uploads\/2022\/07\/NEA_ME_BGA-1024x205.png\" alt=\"\" class=\"wp-image-14\" srcset=\"https:\/\/www.prophysica.hu\/wp-content\/uploads\/2022\/07\/NEA_ME_BGA-1024x205.png 1024w, https:\/\/www.prophysica.hu\/wp-content\/uploads\/2022\/07\/NEA_ME_BGA-300x60.png 300w, https:\/\/www.prophysica.hu\/wp-content\/uploads\/2022\/07\/NEA_ME_BGA-768x154.png 768w, https:\/\/www.prophysica.hu\/wp-content\/uploads\/2022\/07\/NEA_ME_BGA-1536x307.png 1536w, https:\/\/www.prophysica.hu\/wp-content\/uploads\/2022\/07\/NEA_ME_BGA-2048x410.png 2048w\" sizes=\"auto, (max-width: 1024px) 100vw, 1024px\" \/><\/figure>\n<\/figure>\n\n\n\n<blockquote class=\"wp-block-quote is-layout-flow wp-block-quote-is-layout-flow\">\n<p>A Pro Physica Hallgat\u00f3i Alap\u00edtv\u00e1ny Szegedet a Minisztereln\u00f6ks\u00e9g \u00e9s a Bethlen G\u00e1bor Alapkezel\u0151 Zrt. t\u00e1mogatta a <a href=\"https:\/\/bgazrt.hu\/uj-felhivasok-a-nemzeti-egyuttmukodesi-alap-kereteben-2020\/\" data-type=\"URL\" data-id=\"https:\/\/bgazrt.hu\/uj-felhivasok-a-nemzeti-egyuttmukodesi-alap-kereteben-2020\/\" target=\"_blank\" rel=\"noreferrer noopener\">NEA-KK-20-EG-0537<\/a> t\u00e1mogat\u00e1son kereszt\u00fcl.<\/p>\n<cite>T\u00e1mogat\u00e1si id\u0151tartam: 2020.04.01. &#8211; 2022.06.30.<\/cite><\/blockquote>\n\n\n\n<ul class=\"wp-block-list\">\n<li>P\u00e1ly\u00e1zathoz kapcsol\u00f3d\u00f3 adatv\u00e9delmi t\u00e1j\u00e9koztat\u00f3: <a href=\"https:\/\/bgazrt.hu\/wp-content\/uploads\/palyazati_kiirasok\/NEA_2020\/adatvedelmi_tajekoztato_nyilatkozat\/Adatvedelmi_tajekoztato_a_Nemzeti_Egyuttmukodesi_Alapbol_nyujtott_tamogatasokban_erintett_szemelyek.pdf\" data-type=\"URL\" data-id=\"https:\/\/bgazrt.hu\/wp-content\/uploads\/palyazati_kiirasok\/NEA_2020\/adatvedelmi_tajekoztato_nyilatkozat\/Adatvedelmi_tajekoztato_a_Nemzeti_Egyuttmukodesi_Alapbol_nyujtott_tamogatasokban_erintett_szemelyek.pdf\" target=\"_blank\" rel=\"noreferrer noopener\">link<\/a><\/li>\n\n\n\n<li>Adatkezel\u00e9si hozz\u00e1j\u00e1rul\u00f3 nyilatkozat: <a href=\"https:\/\/bgazrt.hu\/wp-content\/uploads\/palyazati_kiirasok\/NEA_2020\/adatvedelmi_tajekoztato_nyilatkozat\/Adatkezelesi_nyilatkozat_a_Nemzeti_Egyuttmukodesi_Alapbol_nyujtott_tamogatasokban_erintett_szemelyek.pdf\" data-type=\"URL\" data-id=\"https:\/\/bgazrt.hu\/wp-content\/uploads\/palyazati_kiirasok\/NEA_2020\/adatvedelmi_tajekoztato_nyilatkozat\/Adatkezelesi_nyilatkozat_a_Nemzeti_Egyuttmukodesi_Alapbol_nyujtott_tamogatasokban_erintett_szemelyek.pdf\" target=\"_blank\" rel=\"noreferrer noopener\">link<\/a><\/li>\n<\/ul>\n\n\n\n<p>Besz\u00e1mol\u00f3 elfogad\u00e1s\u00e1nak d\u00e1tuma: 2024.11.12.<\/p>\n\n\n\n<ul class=\"wp-block-list\">\n<li><a href=\"https:\/\/www.prophysica.hu\/wp-content\/uploads\/NEA-KK-20-EG-0537.pdf\" data-type=\"link\" data-id=\"https:\/\/www.prophysica.hu\/wp-content\/uploads\/NEA-KK-20-EG-0537.pdf\">Teljes\u00edt\u00e9sigazol\u00e1s<\/a><\/li>\n<\/ul>\n\n\n\n<p><\/p>\n","protected":false},"excerpt":{"rendered":"<p>A Pro Physica Hallgat\u00f3i Alap\u00edtv\u00e1ny Szegedet a Minisztereln\u00f6ks\u00e9g \u00e9s a Bethlen G\u00e1bor Alapkezel\u0151 Zrt. t\u00e1mogatta a NEA-KK-20-EG-0537 t\u00e1mogat\u00e1son kereszt\u00fcl. T\u00e1mogat\u00e1si id\u0151tartam: 2020.04.01. &#8211; 2022.06.30. Besz\u00e1mol\u00f3 elfogad\u00e1s\u00e1nak d\u00e1tuma: 2024.11.12.<\/p>\n","protected":false},"author":1,"featured_media":0,"parent":0,"menu_order":0,"comment_status":"closed","ping_status":"closed","template":"","meta":{"footnotes":""},"class_list":["post-11","page","type-page","status-publish","hentry"],"jetpack_sharing_enabled":true,"_links":{"self":[{"href":"https:\/\/www.prophysica.hu\/index.php?rest_route=\/wp\/v2\/pages\/11","targetHints":{"allow":["GET"]}}],"collection":[{"href":"https:\/\/www.prophysica.hu\/index.php?rest_route=\/wp\/v2\/pages"}],"about":[{"href":"https:\/\/www.prophysica.hu\/index.php?rest_route=\/wp\/v2\/types\/page"}],"author":[{"embeddable":true,"href":"https:\/\/www.prophysica.hu\/index.php?rest_route=\/wp\/v2\/users\/1"}],"replies":[{"embeddable":true,"href":"https:\/\/www.prophysica.hu\/index.php?rest_route=%2Fwp%2Fv2%2Fcomments&post=11"}],"version-history":[{"count":6,"href":"https:\/\/www.prophysica.hu\/index.php?rest_route=\/wp\/v2\/pages\/11\/revisions"}],"predecessor-version":[{"id":125,"href":"https:\/\/www.prophysica.hu\/index.php?rest_route=\/wp\/v2\/pages\/11\/revisions\/125"}],"wp:attachment":[{"href":"https:\/\/www.prophysica.hu\/index.php?rest_route=%2Fwp%2Fv2%2Fmedia&parent=11"}],"curies":[{"name":"wp","href":"https:\/\/api.w.org\/{rel}","templated":true}]}}